{"id":244,"date":"2023-07-13T15:59:13","date_gmt":"2023-07-13T13:59:13","guid":{"rendered":"https:\/\/reflexologie-pyla.fr\/?page_id=244"},"modified":"2025-07-02T09:36:22","modified_gmt":"2025-07-02T07:36:22","slug":"mentions-legales","status":"publish","type":"page","link":"https:\/\/reflexologie-pyla.fr\/index.php\/mentions-legales\/","title":{"rendered":"Mentions l\u00e9gales"},"content":{"rendered":"\n<p>En vigueur au 02\/07\/2025<\/p>\n\n\n\n<p><strong>1 \u2013 \u00c9dition du site<\/strong>.<\/p>\n\n\n\n<p>En vertu de <a href=\"https:\/\/www.legifrance.gouv.fr\/affichTexte.do?cidTexte=JORFTEXT000000801164#LEGIARTI000042038977\" target=\"_blank\" rel=\"noreferrer noopener\">l\u2019article 6 de la loi n\u00b0 2004-575 du 21 juin 2004<\/a> pour la confiance dans l\u2019\u00e9conomie num\u00e9rique, il est pr\u00e9cis\u00e9 aux utilisateurs du site internet <strong><a href=\"https:\/\/reflexologie-pyla.fr\/\">https:\/\/reflexologie-pyla.fr\/<\/a><\/strong> l\u2019identit\u00e9 des diff\u00e9rents intervenants dans le cadre de sa r\u00e9alisation et de son suivi:<\/p>\n\n\n\n<p><strong>Propri\u00e9taire du site : <\/strong>Mme PONS Catherine <\/p>\n\n\n\n<p><strong>Contact :<\/strong><\/p>\n\n\n\n<p>E-mail : catherine.katy33@gmail.com<\/p>\n\n\n\n<p>T\u00e9l\u00e9phone : 0698955417<\/p>\n\n\n\n<p>Adresse : 89 all\u00e9e Fructidor, 33115 La Teste de Buch.<\/p>\n\n\n\n<p><strong>Identification de l\u2019entreprise :<\/strong><\/p>\n\n\n\n<p>EI \u2013 PONS Catherine<\/p>\n\n\n\n<p>SIREN : 422615682<\/p>\n\n\n\n<p>Adresse postale : 89 all\u00e9e Fructidor, 33115 La Teste de Buch.<\/p>\n\n\n\n<p><strong>Directeur de la publication : <\/strong>Mme PONS Catherine<\/p>\n\n\n\n<p>Contact : catherine.katy33@gmail.com<\/p>\n\n\n\n<p><strong>Cr\u00e9ateur du site :<\/strong> EI &#8211; BARRERO Elsa &#8211; Cr\u00e9a&rsquo;Online<\/p>\n\n\n\n<p>Contact : creation@creaonline.fr<\/p>\n\n\n\n<p><strong>H\u00e9bergeur :<\/strong> OVH SAS<\/p>\n\n\n\n<p>Adresse : 2 rue Kellermann &#8211; 59100 Roubaix &#8211; France<\/p>\n\n\n\n<p>T\u00e9l\u00e9phone : &nbsp;09 72 10 10 07<\/p>\n\n\n\n<hr class=\"wp-block-separator has-css-opacity\"\/>\n\n\n\n<p><strong>2 \u2013 Conditions G\u00e9n\u00e9rales de Services<\/strong>.<\/p>\n\n\n\n<p>L\u2019utilisation du site <a href=\" https:\/\/reflexologie-pyla.fr\/\"><strong>https:\/\/reflexologie-pyla.fr\/<\/strong><\/a> implique l\u2019acceptation pleine et enti\u00e8re des conditions g\u00e9n\u00e9rales d\u2019utilisation ci-apr\u00e8s d\u00e9crites. Ces conditions d\u2019utilisation sont susceptibles d\u2019\u00eatre modifi\u00e9es ou compl\u00e9t\u00e9es \u00e0 tout moment, les utilisateurs du site <strong><a href=\"https:\/\/reflexologie-pyla.fr\/\">https:\/\/reflexologie-pyla.fr\/<\/a><\/strong> sont donc invit\u00e9s \u00e0 les consulter de mani\u00e8re r\u00e9guli\u00e8re. Ce site est normalement accessible \u00e0 tout moment aux utilisateurs. Une interruption pour raison de maintenance technique peut \u00eatre toutefois d\u00e9cid\u00e9e par <strong>EI \u2013 BARRERO Elsa<\/strong>, qui s\u2019efforcera alors de communiquer pr\u00e9alablement aux utilisateurs les dates et heures de l\u2019intervention. Le site <strong><a href=\"https:\/\/reflexologie-pyla.fr\/\">https:\/\/reflexologie-pyla.fr\/<\/a><\/strong> est mis \u00e0 jour r\u00e9guli\u00e8rement par Catherine PONS. De la m\u00eame fa\u00e7on, les mentions l\u00e9gales peuvent \u00eatre modifi\u00e9es \u00e0 tout moment : elles s\u2019imposent n\u00e9anmoins \u00e0 l\u2019utilisateur qui est invit\u00e9 \u00e0 s\u2019y r\u00e9f\u00e9rer le plus souvent possible afin d\u2019en prendre connaissance.<\/p>\n\n\n\n<hr class=\"wp-block-separator has-css-opacity\"\/>\n\n\n\n<p><strong>3 \u2013 Description des services fournis.<\/strong><\/p>\n\n\n\n<p>Le site <strong><a href=\"https:\/\/reflexologie-pyla.fr\/\">https:\/\/reflexologie-pyla.fr\/<\/a><\/strong> a pour objet de fournir une information concernant l\u2019ensemble des activit\u00e9s de la soci\u00e9t\u00e9. <strong>EI \u2013 PONS Catherine <\/strong>s\u2019efforce de fournir sur le site <strong><a href=\"https:\/\/reflexologie-pyla.fr\/\">https:\/\/reflexologie-pyla.fr\/<\/a><\/strong> des informations aussi pr\u00e9cises que possible. Toutefois, elle ne pourra \u00eatre tenue responsable des omissions, des inexactitudes et des carences dans la mise \u00e0 jour, qu\u2019elles soient de son fait ou du fait des tiers partenaires qui lui fournissent ces informations. Toutes les informations indiqu\u00e9es sur le site <strong><a href=\"https:\/\/reflexologie-pyla.fr\/\">https:\/\/reflexologie-pyla.fr\/<\/a><\/strong> sont donn\u00e9es \u00e0 titre indicatif, et sont susceptibles d\u2019\u00e9voluer. Par ailleurs, les renseignements figurant sur le site <strong><a href=\"https:\/\/reflexologie-pyla.fr\/\">https:\/\/reflexologie-pyla.fr\/<\/a><\/strong> ne sont pas exhaustifs. Ils sont donn\u00e9s sous r\u00e9serve de modifications ayant \u00e9t\u00e9 apport\u00e9es depuis leur mise en ligne.<\/p>\n\n\n\n<hr class=\"wp-block-separator has-css-opacity\"\/>\n\n\n\n<p><strong>4 \u2013 Propri\u00e9t\u00e9 intellectuelle et contrefa\u00e7ons.<\/strong><\/p>\n\n\n\n<p><strong>EI \u2013 PONS Catherine<\/strong> est propri\u00e9taire des droits de propri\u00e9t\u00e9 intellectuelle et d\u00e9tient les droits d\u2019usage sur tous les \u00e9l\u00e9ments accessibles sur le site internet, notamment les textes, images, graphismes, logos, vid\u00e9os, architecture, ic\u00f4nes et sons.<\/p>\n\n\n\n<p>Toute reproduction, repr\u00e9sentation, modification, publication, adaptation de tout ou partie des \u00e9l\u00e9ments du site, quel que soit le moyen ou le proc\u00e9d\u00e9 utilis\u00e9, est interdite, sauf autorisation \u00e9crite pr\u00e9alable de <strong>EI \u2013 PONS Catherine<\/strong>.<\/p>\n\n\n\n<p>Toute exploitation non autoris\u00e9e du site ou de l\u2019un quelconque des \u00e9l\u00e9ments qu\u2019il contient sera consid\u00e9r\u00e9e comme constitutive d\u2019une contrefa\u00e7on et poursuivie conform\u00e9ment aux dispositions des articles <a href=\"https:\/\/www.legifrance.gouv.fr\/affichCodeArticle.do?idArticle=LEGIARTI000032655082&amp;cidTexte=LEGITEXT000006069414&amp;dateTexte=20160605\" target=\"_blank\" rel=\"noreferrer noopener\">L.335-2 et suivants du Code de Propri\u00e9t\u00e9 Intellectuelle<\/a>.<\/p>\n\n\n\n<hr class=\"wp-block-separator has-css-opacity\"\/>\n\n\n\n<p><strong>5 \u2013 Limitations de responsabilit\u00e9.<\/strong><\/p>\n\n\n\n<p><strong>EI \u2013 PONS Catherine<\/strong> ne pourra \u00eatre tenu pour responsable des dommages directs et indirects caus\u00e9s au mat\u00e9riel de l\u2019utilisateur, lors de l\u2019acc\u00e8s au site <strong><a href=\"https:\/\/reflexologie-pyla.fr\/\">https:\/\/reflexologie-pyla.fr\/<\/a><\/strong>.<\/p>\n\n\n\n<p><strong>EI \u2013 PONS Catherine<\/strong> d\u00e9cline toute responsabilit\u00e9 quant \u00e0 l\u2019utilisation qui pourrait \u00eatre faite des informations et contenus pr\u00e9sents sur <strong><a href=\"https:\/\/reflexologie-pyla.fr\/\">https:\/\/reflexologie-pyla.fr\/<\/a><\/strong>.<\/p>\n\n\n\n<p><strong>EI \u2013 PONS Catherine<\/strong> s\u2019engage \u00e0 s\u00e9curiser au mieux le site <strong><a href=\"https:\/\/reflexologie-pyla.fr\/\">https:\/\/reflexologie-pyla.fr\/<\/a><\/strong>, cependant sa responsabilit\u00e9 ne pourra \u00eatre mise en cause si des donn\u00e9es ind\u00e9sirables sont import\u00e9es et install\u00e9es sur son site \u00e0 son insu.<\/p>\n\n\n\n<p>Des espaces interactifs (espace contact ou commentaires) sont \u00e0 la disposition des utilisateurs. <strong>EI \u2013 PONS Catherine<\/strong> se r\u00e9serve le droit de supprimer, sans mise en demeure pr\u00e9alable, tout contenu d\u00e9pos\u00e9 dans cet espace qui contreviendrait \u00e0 la l\u00e9gislation applicable en France, en particulier aux dispositions relatives \u00e0 la protection des donn\u00e9es.<\/p>\n\n\n\n<p>Le cas \u00e9ch\u00e9ant, <strong>EI \u2013 PONS Catherine<\/strong> se r\u00e9serve \u00e9galement la possibilit\u00e9 de mettre en cause la responsabilit\u00e9 civile et\/ou p\u00e9nale de l\u2019utilisateur, notamment en cas de message \u00e0 caract\u00e8re raciste, injurieux, diffamant, ou pornographique, quel que soit le support utilis\u00e9 (texte, photographie \u2026).<\/p>\n\n\n\n<hr class=\"wp-block-separator has-css-opacity\"\/>\n\n\n\n<p><strong>6 \u2013 CNIL et gestion des donn\u00e9es personnelles.<\/strong><\/p>\n\n\n\n<p>Conform\u00e9ment aux dispositions de <a href=\"https:\/\/www.legifrance.gouv.fr\/affichTexte.do?cidTexte=JORFTEXT000000886460\" target=\"_blank\" rel=\"noreferrer noopener\">la loi 78-17 du 6 janvier 1978 modifi\u00e9e<\/a>, l\u2019utilisateur du site <strong><a href=\"https:\/\/reflexologie-pyla.fr\/\">https:\/\/reflexologie-pyla.fr\/<\/a><\/strong> dispose d\u2019un droit d\u2019acc\u00e8s, de modification et de suppression des informations collect\u00e9es. Pour exercer ce droit, envoyez un message \u00e0 catherine.katy33@gmail.com.<\/p>\n\n\n\n<p>Les informations collect\u00e9es sont exclusivement professionnelles. Les informations collect\u00e9es ne sont communiqu\u00e9es \u00e0 aucun organisme tiers.<\/p>\n\n\n\n<hr class=\"wp-block-separator has-css-opacity\"\/>\n\n\n\n<p><strong>7 \u2013 Liens hypertextes et cookies<\/strong><\/p>\n\n\n\n<p>Le site <strong><a href=\"https:\/\/reflexologie-pyla.fr\/\">https:\/\/reflexologie-pyla.fr\/<\/a><\/strong> contient des liens hypertextes vers d\u2019autres sites et d\u00e9gage toute responsabilit\u00e9 \u00e0 propos de ces liens externes ou des liens cr\u00e9\u00e9s par d\u2019autres sites vers <strong><a href=\"https:\/\/reflexologie-pyla.fr\/\">https:\/\/reflexologie-pyla.fr\/<\/a><\/strong>.<\/p>\n\n\n\n<p>Les cookies ne sont pas utilis\u00e9s pour ce site.<\/p>\n\n\n\n<p>Un \u00ab&nbsp;cookie&nbsp;\u00bb est un fichier de petite taille qui enregistre des informations relatives \u00e0 la navigation d\u2019un utilisateur sur un site. Les donn\u00e9es ainsi obtenues permettent d\u2019obtenir des mesures de fr\u00e9quentation, par exemple.<\/p>\n\n\n\n<hr class=\"wp-block-separator has-css-opacity\"\/>\n\n\n\n<p><strong>8 \u2013 Droit applicable et attribution de juridiction.<\/strong><\/p>\n\n\n\n<p>Tout litige en relation avec l\u2019utilisation du site <strong><a href=\"https:\/\/reflexologie-pyla.fr\/\">https:\/\/reflexologie-pyla.fr\/<\/a><\/strong> est soumis au droit fran\u00e7ais. En dehors des cas o\u00f9 la loi ne le permet pas, il est fait attribution exclusive de juridiction aux tribunaux comp\u00e9tents de Bordeaux.<\/p>\n","protected":false},"excerpt":{"rendered":"<p>En vigueur au 02\/07\/2025 1 \u2013 \u00c9dition du site. En vertu de l\u2019article 6 de la loi n\u00b0 2004-575 du 21 juin 2004 pour la confiance dans l\u2019\u00e9conomie num\u00e9rique, il est pr\u00e9cis\u00e9 aux utilisateurs du site internet https:\/\/reflexologie-pyla.fr\/ l\u2019identit\u00e9 des diff\u00e9rents intervenants dans le cadre de sa r\u00e9alisation et de son suivi: Propri\u00e9taire du site&hellip; <a class=\"more-link\" href=\"https:\/\/reflexologie-pyla.fr\/index.php\/mentions-legales\/\">Poursuivre la lecture <span class=\"screen-reader-text\">Mentions l\u00e9gales<\/span><\/a><\/p>\n","protected":false},"author":1,"featured_media":0,"parent":0,"menu_order":0,"comment_status":"closed","ping_status":"closed","template":"","meta":{"footnotes":""},"class_list":["post-244","page","type-page","status-publish","hentry","entry"],"yoast_head":"<!-- This site is optimized with the Yoast SEO plugin v27.4 - https:\/\/yoast.com\/product\/yoast-seo-wordpress\/ -->\n<title>Mentions l\u00e9gales - Catherine Pons<\/title>\n<meta name=\"description\" content=\"Voici les mentions l\u00e9gales de notre site internet de r\u00e9flexologie - R\u00e9flexologie Pyla-sur-Mer Catherine Pons.\" \/>\n<meta name=\"robots\" content=\"index, follow, max-snippet:-1, max-image-preview:large, max-video-preview:-1\" \/>\n<link rel=\"canonical\" href=\"https:\/\/reflexologie-pyla.fr\/index.php\/mentions-legales\/\" \/>\n<meta property=\"og:locale\" content=\"fr_FR\" \/>\n<meta property=\"og:type\" content=\"article\" \/>\n<meta property=\"og:title\" content=\"Mentions l\u00e9gales - Catherine Pons\" \/>\n<meta property=\"og:description\" content=\"Voici les mentions l\u00e9gales de notre site internet de r\u00e9flexologie - R\u00e9flexologie Pyla-sur-Mer Catherine Pons.\" \/>\n<meta property=\"og:url\" content=\"https:\/\/reflexologie-pyla.fr\/index.php\/mentions-legales\/\" \/>\n<meta property=\"og:site_name\" content=\"Catherine Pons\" \/>\n<meta property=\"article:modified_time\" content=\"2025-07-02T07:36:22+00:00\" \/>\n<meta name=\"twitter:card\" content=\"summary_large_image\" \/>\n<meta name=\"twitter:label1\" content=\"Dur\u00e9e de lecture estim\u00e9e\" \/>\n\t<meta name=\"twitter:data1\" content=\"5 minutes\" \/>\n<script type=\"application\/ld+json\" class=\"yoast-schema-graph\">{\"@context\":\"https:\\\/\\\/schema.org\",\"@graph\":[{\"@type\":\"WebPage\",\"@id\":\"https:\\\/\\\/reflexologie-pyla.fr\\\/index.php\\\/mentions-legales\\\/\",\"url\":\"https:\\\/\\\/reflexologie-pyla.fr\\\/index.php\\\/mentions-legales\\\/\",\"name\":\"Mentions l\u00e9gales - Catherine Pons\",\"isPartOf\":{\"@id\":\"https:\\\/\\\/reflexologie-pyla.fr\\\/#website\"},\"datePublished\":\"2023-07-13T13:59:13+00:00\",\"dateModified\":\"2025-07-02T07:36:22+00:00\",\"description\":\"Voici les mentions l\u00e9gales de notre site internet de r\u00e9flexologie - R\u00e9flexologie Pyla-sur-Mer Catherine Pons.\",\"breadcrumb\":{\"@id\":\"https:\\\/\\\/reflexologie-pyla.fr\\\/index.php\\\/mentions-legales\\\/#breadcrumb\"},\"inLanguage\":\"fr-FR\",\"potentialAction\":[{\"@type\":\"ReadAction\",\"target\":[\"https:\\\/\\\/reflexologie-pyla.fr\\\/index.php\\\/mentions-legales\\\/\"]}]},{\"@type\":\"BreadcrumbList\",\"@id\":\"https:\\\/\\\/reflexologie-pyla.fr\\\/index.php\\\/mentions-legales\\\/#breadcrumb\",\"itemListElement\":[{\"@type\":\"ListItem\",\"position\":1,\"name\":\"Accueil\",\"item\":\"https:\\\/\\\/reflexologie-pyla.fr\\\/\"},{\"@type\":\"ListItem\",\"position\":2,\"name\":\"Mentions l\u00e9gales\"}]},{\"@type\":\"WebSite\",\"@id\":\"https:\\\/\\\/reflexologie-pyla.fr\\\/#website\",\"url\":\"https:\\\/\\\/reflexologie-pyla.fr\\\/\",\"name\":\"Catherine Pons\",\"description\":\"R\u00e9flexologue\",\"potentialAction\":[{\"@type\":\"SearchAction\",\"target\":{\"@type\":\"EntryPoint\",\"urlTemplate\":\"https:\\\/\\\/reflexologie-pyla.fr\\\/?s={search_term_string}\"},\"query-input\":{\"@type\":\"PropertyValueSpecification\",\"valueRequired\":true,\"valueName\":\"search_term_string\"}}],\"inLanguage\":\"fr-FR\"}]}<\/script>\n<!-- \/ Yoast SEO plugin. -->","yoast_head_json":{"title":"Mentions l\u00e9gales - Catherine Pons","description":"Voici les mentions l\u00e9gales de notre site internet de r\u00e9flexologie - R\u00e9flexologie Pyla-sur-Mer Catherine Pons.","robots":{"index":"index","follow":"follow","max-snippet":"max-snippet:-1","max-image-preview":"max-image-preview:large","max-video-preview":"max-video-preview:-1"},"canonical":"https:\/\/reflexologie-pyla.fr\/index.php\/mentions-legales\/","og_locale":"fr_FR","og_type":"article","og_title":"Mentions l\u00e9gales - Catherine Pons","og_description":"Voici les mentions l\u00e9gales de notre site internet de r\u00e9flexologie - R\u00e9flexologie Pyla-sur-Mer Catherine Pons.","og_url":"https:\/\/reflexologie-pyla.fr\/index.php\/mentions-legales\/","og_site_name":"Catherine Pons","article_modified_time":"2025-07-02T07:36:22+00:00","twitter_card":"summary_large_image","twitter_misc":{"Dur\u00e9e de lecture estim\u00e9e":"5 minutes"},"schema":{"@context":"https:\/\/schema.org","@graph":[{"@type":"WebPage","@id":"https:\/\/reflexologie-pyla.fr\/index.php\/mentions-legales\/","url":"https:\/\/reflexologie-pyla.fr\/index.php\/mentions-legales\/","name":"Mentions l\u00e9gales - Catherine Pons","isPartOf":{"@id":"https:\/\/reflexologie-pyla.fr\/#website"},"datePublished":"2023-07-13T13:59:13+00:00","dateModified":"2025-07-02T07:36:22+00:00","description":"Voici les mentions l\u00e9gales de notre site internet de r\u00e9flexologie - R\u00e9flexologie Pyla-sur-Mer Catherine Pons.","breadcrumb":{"@id":"https:\/\/reflexologie-pyla.fr\/index.php\/mentions-legales\/#breadcrumb"},"inLanguage":"fr-FR","potentialAction":[{"@type":"ReadAction","target":["https:\/\/reflexologie-pyla.fr\/index.php\/mentions-legales\/"]}]},{"@type":"BreadcrumbList","@id":"https:\/\/reflexologie-pyla.fr\/index.php\/mentions-legales\/#breadcrumb","itemListElement":[{"@type":"ListItem","position":1,"name":"Accueil","item":"https:\/\/reflexologie-pyla.fr\/"},{"@type":"ListItem","position":2,"name":"Mentions l\u00e9gales"}]},{"@type":"WebSite","@id":"https:\/\/reflexologie-pyla.fr\/#website","url":"https:\/\/reflexologie-pyla.fr\/","name":"Catherine Pons","description":"R\u00e9flexologue","potentialAction":[{"@type":"SearchAction","target":{"@type":"EntryPoint","urlTemplate":"https:\/\/reflexologie-pyla.fr\/?s={search_term_string}"},"query-input":{"@type":"PropertyValueSpecification","valueRequired":true,"valueName":"search_term_string"}}],"inLanguage":"fr-FR"}]}},"jetpack_sharing_enabled":true,"_links":{"self":[{"href":"https:\/\/reflexologie-pyla.fr\/index.php\/wp-json\/wp\/v2\/pages\/244","targetHints":{"allow":["GET"]}}],"collection":[{"href":"https:\/\/reflexologie-pyla.fr\/index.php\/wp-json\/wp\/v2\/pages"}],"about":[{"href":"https:\/\/reflexologie-pyla.fr\/index.php\/wp-json\/wp\/v2\/types\/page"}],"author":[{"embeddable":true,"href":"https:\/\/reflexologie-pyla.fr\/index.php\/wp-json\/wp\/v2\/users\/1"}],"replies":[{"embeddable":true,"href":"https:\/\/reflexologie-pyla.fr\/index.php\/wp-json\/wp\/v2\/comments?post=244"}],"version-history":[{"count":4,"href":"https:\/\/reflexologie-pyla.fr\/index.php\/wp-json\/wp\/v2\/pages\/244\/revisions"}],"predecessor-version":[{"id":548,"href":"https:\/\/reflexologie-pyla.fr\/index.php\/wp-json\/wp\/v2\/pages\/244\/revisions\/548"}],"wp:attachment":[{"href":"https:\/\/reflexologie-pyla.fr\/index.php\/wp-json\/wp\/v2\/media?parent=244"}],"curies":[{"name":"wp","href":"https:\/\/api.w.org\/{rel}","templated":true}]}}